{"id":210,"date":"2018-06-14T09:08:11","date_gmt":"2018-06-14T09:08:11","guid":{"rendered":"https:\/\/themes.themegoods.com\/hoteller\/luxury\/?page_id=210"},"modified":"2021-12-08T18:13:18","modified_gmt":"2021-12-08T18:13:18","slug":"blog","status":"publish","type":"page","link":"https:\/\/hotelmint.rs\/sr\/blog\/","title":{"rendered":"Blog"},"content":{"rendered":"<div data-elementor-type=\"wp-post\" data-elementor-id=\"210\" class=\"elementor elementor-210\" data-elementor-post-type=\"page\">\n\t\t\t\t\t\t<section class=\"elementor-section elementor-top-section elementor-element elementor-element-ec62ad1 elementor-section-boxed elementor-section-height-default elementor-section-height-default\" data-id=\"ec62ad1\" data-element_type=\"section\" data-settings=\"{&quot;hoteller_ext_is_background_parallax&quot;:&quot;false&quot;,&quot;hoteller_ext_is_background_backdrop&quot;:&quot;false&quot;,&quot;hoteller_ext_is_background_on_scroll&quot;:&quot;false&quot;}\">\n\t\t\t\t\t\t<div class=\"elementor-container elementor-column-gap-default\">\n\t\t\t\t\t<div class=\"elementor-column elementor-col-100 elementor-top-column elementor-element elementor-element-a94538c\" data-id=\"a94538c\" data-element_type=\"column\" data-settings=\"{&quot;hoteller_ext_link_sidemenu&quot;:&quot;false&quot;,&quot;hoteller_ext_link_fullmenu&quot;:&quot;false&quot;,&quot;hoteller_ext_link_closed_fullmenu&quot;:&quot;false&quot;,&quot;hoteller_ext_is_scrollme&quot;:&quot;false&quot;,&quot;hoteller_ext_is_smoove&quot;:&quot;false&quot;,&quot;hoteller_ext_is_parallax_mouse&quot;:&quot;false&quot;,&quot;hoteller_ext_is_infinite&quot;:&quot;false&quot;,&quot;hoteller_ext_is_fadeout_animation&quot;:&quot;false&quot;,&quot;hoteller_ext_mobile_static&quot;:&quot;false&quot;}\">\n\t\t\t<div class=\"elementor-widget-wrap elementor-element-populated\">\n\t\t\t\t\t\t<div class=\"elementor-element elementor-element-b87531f elementor-widget elementor-widget-hoteller-blog-posts\" data-id=\"b87531f\" data-element_type=\"widget\" data-settings=\"{&quot;hoteller_ext_link_sidemenu&quot;:&quot;false&quot;,&quot;hoteller_ext_link_fullmenu&quot;:&quot;false&quot;,&quot;hoteller_ext_link_closed_fullmenu&quot;:&quot;false&quot;,&quot;hoteller_ext_is_scrollme&quot;:&quot;false&quot;,&quot;hoteller_ext_is_smoove&quot;:&quot;false&quot;,&quot;hoteller_ext_is_parallax_mouse&quot;:&quot;false&quot;,&quot;hoteller_ext_is_infinite&quot;:&quot;false&quot;,&quot;hoteller_ext_is_fadeout_animation&quot;:&quot;false&quot;,&quot;hoteller_ext_mobile_static&quot;:&quot;false&quot;}\" data-widget_type=\"hoteller-blog-posts.default\">\n\t\t\t\t<div class=\"elementor-widget-container\">\n\t\t\t\t\t<div class=\"blog_post_content_wrapper layout_grid\">\n<!-- Begin each blog post -->\n<div class=\"blog-posts-grid post-3049 post type-post status-publish format-standard has-post-thumbnail hentry category-travel category-vacation tag-belgrade tag-hotel tag-hotelmint tag-vacation\">\n\n\t<div class=\"post_wrapper\">\n\t\t\n\t\t\t\t    <div class=\"post_img static\">\n\t\t\t    \t\t\t    <div class=\"post_img_hover\">\n\t\t\t     \t\t\t\t\t     <img decoding=\"async\"  src=\"https:\/\/hotelmint.rs\/wp-content\/uploads\/2023\/06\/Blog-image-2.webp\" class=\"\" alt=\"\"\/>\n\t\t\t\t     \t\t\t     \t\t\t\t     \t<a href=\"https:\/\/hotelmint.rs\/sr\/what-did-the-neighboring-countries-in-the-region-say-about-belgrade\/\"><\/a>\n\t\t\t    <\/div>\n\t\t    <\/div>\n\t\t\t    \n\t    <div class=\"post_content_wrapper text_\">\n\t\t    \n\t\t    <div class=\"post_header\">\n\t\t\t    \t\t\t    <div class=\"post_detail single_post\">\n\t\t\t    \t<span class=\"post_info_cat\">\n\t\t\t\t\t\t\t\t\t\t\t\t      \t<a href=\"https:\/\/hotelmint.rs\/sr\/category\/travel\/\">Putovanja<\/a>\n\t\t\t\t\t\t&nbsp;.&nbsp;\t\t\t\t\t\t      \t<a href=\"https:\/\/hotelmint.rs\/sr\/category\/vacation\/\">Odmor<\/a>\n\t\t\t\t\t\t\t\t\t    \t<\/span>\n\t\t\t \t<\/div>\n\t\t\t \t\t\t\t\t<div class=\"post_header_title\">\n\t\t\t\t    <h5><a href=\"https:\/\/hotelmint.rs\/sr\/what-did-the-neighboring-countries-in-the-region-say-about-belgrade\/\" title=\"Ovo su top 3 hotela u Beogradu odabrana od strane gostiju iz Slovenije\">Ovo su top 3 hotela u Beogradu odabrana od strane gostiju iz Slovenije<\/a><\/h5>\n\t\t\t\t<\/div>\n\t\t\t<\/div>\n\t    \n\t\t\t<div class=\"post_header_wrapper\">\n\t\t\t\t<p>Beograd ve\u0107 vi\u0161e godina nosi titulu prestonice koja garantuje dobru zabavu...<\/p>\t\t\t    \t\t\t<\/div>\n\t    <\/div>\n\t    \n\t<\/div>\n\n<\/div>\n\n<!-- End each blog post --><!-- Begin each blog post -->\n<div class=\"blog-posts-grid post-3046 post type-post status-publish format-standard has-post-thumbnail hentry category-travel category-vacation tag-belgrade tag-fair tag-hotelmint tag-tourism\">\n\n\t<div class=\"post_wrapper\">\n\t\t\n\t\t\t\t    <div class=\"post_img static\">\n\t\t\t    \t\t\t    <div class=\"post_img_hover\">\n\t\t\t     \t\t\t\t\t     <img decoding=\"async\"  src=\"https:\/\/hotelmint.rs\/wp-content\/uploads\/2023\/06\/Blog-image-1.webp\" class=\"\" alt=\"\"\/>\n\t\t\t\t     \t\t\t     \t\t\t\t     \t<a href=\"https:\/\/hotelmint.rs\/sr\/accommodation-during-belgrade-international-tourism-fair-in-southeast-europe\/\"><\/a>\n\t\t\t    <\/div>\n\t\t    <\/div>\n\t\t\t    \n\t    <div class=\"post_content_wrapper text_\">\n\t\t    \n\t\t    <div class=\"post_header\">\n\t\t\t    \t\t\t    <div class=\"post_detail single_post\">\n\t\t\t    \t<span class=\"post_info_cat\">\n\t\t\t\t\t\t\t\t\t\t\t\t      \t<a href=\"https:\/\/hotelmint.rs\/sr\/category\/travel\/\">Putovanja<\/a>\n\t\t\t\t\t\t&nbsp;.&nbsp;\t\t\t\t\t\t      \t<a href=\"https:\/\/hotelmint.rs\/sr\/category\/vacation\/\">Odmor<\/a>\n\t\t\t\t\t\t\t\t\t    \t<\/span>\n\t\t\t \t<\/div>\n\t\t\t \t\t\t\t\t<div class=\"post_header_title\">\n\t\t\t\t    <h5><a href=\"https:\/\/hotelmint.rs\/sr\/accommodation-during-belgrade-international-tourism-fair-in-southeast-europe\/\" title=\"Sme\u0161taj tokom beogradskog internacionalnog sajma turnizma u jugoisto\u010dnoj Evropi\">Sme\u0161taj tokom beogradskog internacionalnog sajma turnizma u jugoisto\u010dnoj Evropi<\/a><\/h5>\n\t\t\t\t<\/div>\n\t\t\t<\/div>\n\t    \n\t\t\t<div class=\"post_header_wrapper\">\n\t\t\t\t<p>U periodu od 23. do 26. februara 2023. godine, odr\u017ea\u0107e se 44. Me\u0111unarodni sajam turizma u...<\/p>\t\t\t    \t\t\t<\/div>\n\t    <\/div>\n\t    \n\t<\/div>\n\n<\/div>\n\n<!-- End each blog post --><!-- Begin each blog post -->\n<div class=\"blog-posts-grid post-215 post type-post status-publish format-standard has-post-thumbnail hentry category-luxury category-travel category-vacation tag-cars tag-electric-cars tag-hotel tag-luxury tag-vacation\">\n\n\t<div class=\"post_wrapper\">\n\t\t\n\t\t\t\t    <div class=\"post_img static\">\n\t\t\t    \t\t\t    <div class=\"post_img_hover\">\n\t\t\t     \t\t\t\t\t     <img decoding=\"async\"  src=\"https:\/\/hotelmint.rs\/wp-content\/uploads\/2018\/06\/proba-mint-min-960x604.png\" class=\"\" alt=\"\"\/>\n\t\t\t\t     \t\t\t     \t\t\t\t     \t<a href=\"https:\/\/hotelmint.rs\/sr\/where-can-you-charge-an-electric-car-in-belgrade\/\"><\/a>\n\t\t\t    <\/div>\n\t\t    <\/div>\n\t\t\t    \n\t    <div class=\"post_content_wrapper text_\">\n\t\t    \n\t\t    <div class=\"post_header\">\n\t\t\t    \t\t\t    <div class=\"post_detail single_post\">\n\t\t\t    \t<span class=\"post_info_cat\">\n\t\t\t\t\t\t\t\t\t\t\t\t      \t<a href=\"https:\/\/hotelmint.rs\/sr\/category\/luxury\/\">Luksuz<\/a>\n\t\t\t\t\t\t&nbsp;.&nbsp;\t\t\t\t\t\t      \t<a href=\"https:\/\/hotelmint.rs\/sr\/category\/travel\/\">Putovanja<\/a>\n\t\t\t\t\t\t&nbsp;.&nbsp;\t\t\t\t\t\t      \t<a href=\"https:\/\/hotelmint.rs\/sr\/category\/vacation\/\">Odmor<\/a>\n\t\t\t\t\t\t\t\t\t    \t<\/span>\n\t\t\t \t<\/div>\n\t\t\t \t\t\t\t\t<div class=\"post_header_title\">\n\t\t\t\t    <h5><a href=\"https:\/\/hotelmint.rs\/sr\/where-can-you-charge-an-electric-car-in-belgrade\/\" title=\"Gde napuniti elektri\u010dni automobil u Beogradu?\">Gde napuniti elektri\u010dni automobil u Beogradu?<\/a><\/h5>\n\t\t\t\t<\/div>\n\t\t\t<\/div>\n\t    \n\t\t\t<div class=\"post_header_wrapper\">\n\t\t\t\t<p>Danas, elektri\u010dna vozila imaju samo jednu prepreku da zadobiju veliku popularnost \u0161irom Srbije...<\/p>\t\t\t    \t\t\t<\/div>\n\t    <\/div>\n\t    \n\t<\/div>\n\n<\/div>\n\n<!-- End each blog post --><\/div>\n<br class=\"clear\"\/>\t\t\t\t<\/div>\n\t\t\t\t<\/div>\n\t\t\t\t\t<\/div>\n\t\t<\/div>\n\t\t\t\t\t<\/div>\n\t\t<\/section>\n\t\t\t\t<\/div>","protected":false},"excerpt":{"rendered":"<p>Luxury &nbsp;.&nbsp; Travel &nbsp;.&nbsp; Vacation Where can you charge an electric car in Belgrade? Today, electric and hybrid vehicles have only one obstacle to gaining great popularity in Serbia,&#8230;<\/p>","protected":false},"author":1,"featured_media":0,"parent":0,"menu_order":0,"comment_status":"closed","ping_status":"closed","template":"","meta":{"footnotes":""},"class_list":["post-210","page","type-page","status-publish","hentry"],"yoast_head":"<!-- This site is optimized with the Yoast SEO plugin v26.2 - https:\/\/yoast.com\/wordpress\/plugins\/seo\/ -->\n<title>Blog - Hotel Mint<\/title>\n<meta name=\"description\" content=\"Garni Hotel Mint Belgrade is a family-owned property offering a perfect blend of modern style and traditional coziness.\" \/>\n<meta name=\"robots\" content=\"index, follow, max-snippet:-1, max-image-preview:large, max-video-preview:-1\" \/>\n<link rel=\"canonical\" href=\"https:\/\/hotelmint.rs\/sr\/blog\/\" \/>\n<meta property=\"og:locale\" content=\"sr_RS\" \/>\n<meta property=\"og:type\" content=\"article\" \/>\n<meta property=\"og:title\" content=\"Blog - Hotel Mint\" \/>\n<meta property=\"og:description\" content=\"Garni Hotel Mint Belgrade is a family-owned property offering a perfect blend of modern style and traditional coziness.\" \/>\n<meta property=\"og:url\" content=\"https:\/\/hotelmint.rs\/sr\/blog\/\" \/>\n<meta property=\"og:site_name\" content=\"Hotel Mint\" \/>\n<meta property=\"article:publisher\" content=\"https:\/\/www.facebook.com\/hotelmint.rs\" \/>\n<meta property=\"article:modified_time\" content=\"2021-12-08T18:13:18+00:00\" \/>\n<meta property=\"og:image\" content=\"https:\/\/hotelmint.rs\/wp-content\/uploads\/2018\/06\/proba-mint-min-960x604.png\" \/>\n<meta name=\"twitter:card\" content=\"summary_large_image\" \/>\n<meta name=\"twitter:label1\" content=\"\u041f\u0440\u043e\u0446\u0435\u045a\u0435\u043d\u043e \u0432\u0440\u0435\u043c\u0435 \u0447\u0438\u0442\u0430\u045a\u0430\" \/>\n\t<meta name=\"twitter:data1\" content=\"1 \u043c\u0438\u043d\u0443\u0442\" \/>\n<script type=\"application\/ld+json\" class=\"yoast-schema-graph\">{\"@context\":\"https:\/\/schema.org\",\"@graph\":[{\"@type\":\"WebPage\",\"@id\":\"https:\/\/hotelmint.rs\/blog\/\",\"url\":\"https:\/\/hotelmint.rs\/blog\/\",\"name\":\"Blog - Hotel Mint\",\"isPartOf\":{\"@id\":\"https:\/\/hotelmint.rs\/#website\"},\"primaryImageOfPage\":{\"@id\":\"https:\/\/hotelmint.rs\/blog\/#primaryimage\"},\"image\":{\"@id\":\"https:\/\/hotelmint.rs\/blog\/#primaryimage\"},\"thumbnailUrl\":\"https:\/\/hotelmint.rs\/wp-content\/uploads\/2018\/06\/proba-mint-min-960x604.png\",\"datePublished\":\"2018-06-14T09:08:11+00:00\",\"dateModified\":\"2021-12-08T18:13:18+00:00\",\"description\":\"Garni Hotel Mint Belgrade is a family-owned property offering a perfect blend of modern style and traditional coziness.\",\"breadcrumb\":{\"@id\":\"https:\/\/hotelmint.rs\/blog\/#breadcrumb\"},\"inLanguage\":\"sr-RS\",\"potentialAction\":[{\"@type\":\"ReadAction\",\"target\":[\"https:\/\/hotelmint.rs\/blog\/\"]}]},{\"@type\":\"ImageObject\",\"inLanguage\":\"sr-RS\",\"@id\":\"https:\/\/hotelmint.rs\/blog\/#primaryimage\",\"url\":\"https:\/\/hotelmint.rs\/wp-content\/uploads\/2018\/06\/proba-mint-min-960x604.png\",\"contentUrl\":\"https:\/\/hotelmint.rs\/wp-content\/uploads\/2018\/06\/proba-mint-min-960x604.png\"},{\"@type\":\"BreadcrumbList\",\"@id\":\"https:\/\/hotelmint.rs\/blog\/#breadcrumb\",\"itemListElement\":[{\"@type\":\"ListItem\",\"position\":1,\"name\":\"Home\",\"item\":\"https:\/\/hotelmint.rs\/\"},{\"@type\":\"ListItem\",\"position\":2,\"name\":\"Blog\"}]},{\"@type\":\"WebSite\",\"@id\":\"https:\/\/hotelmint.rs\/#website\",\"url\":\"https:\/\/hotelmint.rs\/\",\"name\":\"Hotel Mint\",\"description\":\"Garni\",\"publisher\":{\"@id\":\"https:\/\/hotelmint.rs\/#organization\"},\"potentialAction\":[{\"@type\":\"SearchAction\",\"target\":{\"@type\":\"EntryPoint\",\"urlTemplate\":\"https:\/\/hotelmint.rs\/?s={search_term_string}\"},\"query-input\":{\"@type\":\"PropertyValueSpecification\",\"valueRequired\":true,\"valueName\":\"search_term_string\"}}],\"inLanguage\":\"sr-RS\"},{\"@type\":\"Organization\",\"@id\":\"https:\/\/hotelmint.rs\/#organization\",\"name\":\"Hotel Mint Garni\",\"url\":\"https:\/\/hotelmint.rs\/\",\"logo\":{\"@type\":\"ImageObject\",\"inLanguage\":\"sr-RS\",\"@id\":\"https:\/\/hotelmint.rs\/#\/schema\/logo\/image\/\",\"url\":\"https:\/\/hotelmint.rs\/wp-content\/uploads\/2021\/12\/logo-2.png\",\"contentUrl\":\"https:\/\/hotelmint.rs\/wp-content\/uploads\/2021\/12\/logo-2.png\",\"width\":350,\"height\":350,\"caption\":\"Hotel Mint Garni\"},\"image\":{\"@id\":\"https:\/\/hotelmint.rs\/#\/schema\/logo\/image\/\"},\"sameAs\":[\"https:\/\/www.facebook.com\/hotelmint.rs\",\"https:\/\/www.instagram.com\/hotel_mint_belgrade\/\"]}]}<\/script>\n<!-- \/ Yoast SEO plugin. -->","yoast_head_json":{"title":"Blog - Hotel Mint","description":"Garni Hotel Mint Belgrade is a family-owned property offering a perfect blend of modern style and traditional coziness.","robots":{"index":"index","follow":"follow","max-snippet":"max-snippet:-1","max-image-preview":"max-image-preview:large","max-video-preview":"max-video-preview:-1"},"canonical":"https:\/\/hotelmint.rs\/sr\/blog\/","og_locale":"sr_RS","og_type":"article","og_title":"Blog - Hotel Mint","og_description":"Garni Hotel Mint Belgrade is a family-owned property offering a perfect blend of modern style and traditional coziness.","og_url":"https:\/\/hotelmint.rs\/sr\/blog\/","og_site_name":"Hotel Mint","article_publisher":"https:\/\/www.facebook.com\/hotelmint.rs","article_modified_time":"2021-12-08T18:13:18+00:00","og_image":[{"url":"https:\/\/hotelmint.rs\/wp-content\/uploads\/2018\/06\/proba-mint-min-960x604.png","type":"","width":"","height":""}],"twitter_card":"summary_large_image","twitter_misc":{"\u041f\u0440\u043e\u0446\u0435\u045a\u0435\u043d\u043e \u0432\u0440\u0435\u043c\u0435 \u0447\u0438\u0442\u0430\u045a\u0430":"1 \u043c\u0438\u043d\u0443\u0442"},"schema":{"@context":"https:\/\/schema.org","@graph":[{"@type":"WebPage","@id":"https:\/\/hotelmint.rs\/blog\/","url":"https:\/\/hotelmint.rs\/blog\/","name":"Blog - Hotel Mint","isPartOf":{"@id":"https:\/\/hotelmint.rs\/#website"},"primaryImageOfPage":{"@id":"https:\/\/hotelmint.rs\/blog\/#primaryimage"},"image":{"@id":"https:\/\/hotelmint.rs\/blog\/#primaryimage"},"thumbnailUrl":"https:\/\/hotelmint.rs\/wp-content\/uploads\/2018\/06\/proba-mint-min-960x604.png","datePublished":"2018-06-14T09:08:11+00:00","dateModified":"2021-12-08T18:13:18+00:00","description":"Garni Hotel Mint Belgrade is a family-owned property offering a perfect blend of modern style and traditional coziness.","breadcrumb":{"@id":"https:\/\/hotelmint.rs\/blog\/#breadcrumb"},"inLanguage":"sr-RS","potentialAction":[{"@type":"ReadAction","target":["https:\/\/hotelmint.rs\/blog\/"]}]},{"@type":"ImageObject","inLanguage":"sr-RS","@id":"https:\/\/hotelmint.rs\/blog\/#primaryimage","url":"https:\/\/hotelmint.rs\/wp-content\/uploads\/2018\/06\/proba-mint-min-960x604.png","contentUrl":"https:\/\/hotelmint.rs\/wp-content\/uploads\/2018\/06\/proba-mint-min-960x604.png"},{"@type":"BreadcrumbList","@id":"https:\/\/hotelmint.rs\/blog\/#breadcrumb","itemListElement":[{"@type":"ListItem","position":1,"name":"Home","item":"https:\/\/hotelmint.rs\/"},{"@type":"ListItem","position":2,"name":"Blog"}]},{"@type":"WebSite","@id":"https:\/\/hotelmint.rs\/#website","url":"https:\/\/hotelmint.rs\/","name":"Hotel Mint","description":"Garni","publisher":{"@id":"https:\/\/hotelmint.rs\/#organization"},"potentialAction":[{"@type":"SearchAction","target":{"@type":"EntryPoint","urlTemplate":"https:\/\/hotelmint.rs\/?s={search_term_string}"},"query-input":{"@type":"PropertyValueSpecification","valueRequired":true,"valueName":"search_term_string"}}],"inLanguage":"sr-RS"},{"@type":"Organization","@id":"https:\/\/hotelmint.rs\/#organization","name":"Hotel Mint Garni","url":"https:\/\/hotelmint.rs\/","logo":{"@type":"ImageObject","inLanguage":"sr-RS","@id":"https:\/\/hotelmint.rs\/#\/schema\/logo\/image\/","url":"https:\/\/hotelmint.rs\/wp-content\/uploads\/2021\/12\/logo-2.png","contentUrl":"https:\/\/hotelmint.rs\/wp-content\/uploads\/2021\/12\/logo-2.png","width":350,"height":350,"caption":"Hotel Mint Garni"},"image":{"@id":"https:\/\/hotelmint.rs\/#\/schema\/logo\/image\/"},"sameAs":["https:\/\/www.facebook.com\/hotelmint.rs","https:\/\/www.instagram.com\/hotel_mint_belgrade\/"]}]}},"_links":{"self":[{"href":"https:\/\/hotelmint.rs\/sr\/wp-json\/wp\/v2\/pages\/210","targetHints":{"allow":["GET"]}}],"collection":[{"href":"https:\/\/hotelmint.rs\/sr\/wp-json\/wp\/v2\/pages"}],"about":[{"href":"https:\/\/hotelmint.rs\/sr\/wp-json\/wp\/v2\/types\/page"}],"author":[{"embeddable":true,"href":"https:\/\/hotelmint.rs\/sr\/wp-json\/wp\/v2\/users\/1"}],"replies":[{"embeddable":true,"href":"https:\/\/hotelmint.rs\/sr\/wp-json\/wp\/v2\/comments?post=210"}],"version-history":[{"count":9,"href":"https:\/\/hotelmint.rs\/sr\/wp-json\/wp\/v2\/pages\/210\/revisions"}],"predecessor-version":[{"id":2926,"href":"https:\/\/hotelmint.rs\/sr\/wp-json\/wp\/v2\/pages\/210\/revisions\/2926"}],"wp:attachment":[{"href":"https:\/\/hotelmint.rs\/sr\/wp-json\/wp\/v2\/media?parent=210"}],"curies":[{"name":"wp","href":"https:\/\/api.w.org\/{rel}","templated":true}]}}